{"id":21,"date":"2020-12-08T03:53:12","date_gmt":"2020-12-08T03:53:12","guid":{"rendered":"https:\/\/gaviaspreview.com\/wp\/tolips\/?page_id=21"},"modified":"2024-08-09T13:38:42","modified_gmt":"2024-08-09T11:38:42","slug":"presentation","status":"publish","type":"page","link":"https:\/\/btech-test.com\/DOC\/presentation\/","title":{"rendered":"Pr\u00e9sentation"},"content":{"rendered":"\t\t<div data-elementor-type=\"wp-page\" data-elementor-id=\"21\" class=\"elementor elementor-21\" data-elementor-settings=\"[]\">\n\t\t\t\t\t\t\t<div class=\"elementor-section-wrap\">\n\t\t\t\t\t\t\t<section class=\"elementor-section elementor-top-section elementor-element elementor-element-3b40598 row-background-particles-js elementor-section-boxed elementor-section-height-default elementor-section-height-default row-top\" data-id=\"3b40598\" data-element_type=\"section\" data-settings=\"{&quot;background_background&quot;:&quot;classic&quot;}\">\n\t\t\t\t\t\t<div class=\"elementor-container elementor-column-gap-default\">\n\t\t\t\t\t<div class=\"elementor-column elementor-col-100 elementor-top-column elementor-element elementor-element-75333cc column-style-top\" data-id=\"75333cc\" data-element_type=\"column\">\n\t\t\t<div class=\"elementor-widget-wrap elementor-element-populated\">\n\t\t\t\t\t\t\t\t<div class=\"elementor-element elementor-element-e5082b5 elementor-widget elementor-widget-gva-heading-block\" data-id=\"e5082b5\" data-element_type=\"widget\" data-widget_type=\"gva-heading-block.default\">\n\t\t\t\t<div class=\"elementor-widget-container\">\n\t\t\t<div class=\"gva-element-gva-heading-block gva-element\">   <div class=\"align-left style-1 widget gsc-heading box-align-left  auto-responsive\">\n      <div class=\"content-inner\">\n         \n                  \n                     <div class=\"sub-title\"><span>Votre Expert immobilier \u00e0 vos c\u00f4t\u00e9s<\/span><\/div>\n           \n         \n                     <h2 class=\"title\">\n               <span><span class=\"lighter\">D\u00e9couvrez<\/span> BACID SA<\/span>\n                                                         <\/h2>\n                  \n         \n      <\/div>\n   <\/div>\n<\/div>\t\t<\/div>\n\t\t\t\t<\/div>\n\t\t\t\t\t<\/div>\n\t\t<\/div>\n\t\t\t\t\t\t\t<\/div>\n\t\t<\/section>\n\t\t\t\t<section class=\"elementor-section elementor-top-section elementor-element elementor-element-bb55ddb elementor-section-boxed elementor-section-height-default elementor-section-height-default row-top\" data-id=\"bb55ddb\" data-element_type=\"section\">\n\t\t\t\t\t\t<div class=\"elementor-container elementor-column-gap-default\">\n\t\t\t\t\t<div class=\"elementor-column elementor-col-50 elementor-top-column elementor-element elementor-element-feaca37 column-style-top\" data-id=\"feaca37\" data-element_type=\"column\">\n\t\t\t<div class=\"elementor-widget-wrap elementor-element-populated\">\n\t\t\t\t\t\t\t\t<div class=\"elementor-element elementor-element-da7eaa6 elementor-aspect-ratio-169 elementor-widget elementor-widget-video\" data-id=\"da7eaa6\" data-element_type=\"widget\" data-settings=\"{&quot;video_type&quot;:&quot;hosted&quot;,&quot;start&quot;:1,&quot;controls&quot;:&quot;yes&quot;,&quot;aspect_ratio&quot;:&quot;169&quot;}\" data-widget_type=\"video.default\">\n\t\t\t\t<div class=\"elementor-widget-container\">\n\t\t\t\t\t<div class=\"e-hosted-video elementor-wrapper elementor-fit-aspect-ratio elementor-open-inline\">\n\t\t\t\t\t<video class=\"elementor-video\" src=\"https:\/\/btech-test.com\/DOC\/wp-content\/uploads\/2021\/04\/Nous-connaitre-BACID-SA.mp4#t=1\" controls=\"\" controlsList=\"nodownload\"><\/video>\n\t\t\t\t<\/div>\n\t\t\t\t<\/div>\n\t\t\t\t<\/div>\n\t\t\t\t\t<\/div>\n\t\t<\/div>\n\t\t\t\t<div class=\"elementor-column elementor-col-50 elementor-top-column elementor-element elementor-element-18f9597 column-style-top\" data-id=\"18f9597\" data-element_type=\"column\">\n\t\t\t<div class=\"elementor-widget-wrap elementor-element-populated\">\n\t\t\t\t\t\t\t\t<div class=\"elementor-element elementor-element-4d2bf41 elementor-widget elementor-widget-gva-heading-block\" data-id=\"4d2bf41\" data-element_type=\"widget\" data-widget_type=\"gva-heading-block.default\">\n\t\t\t\t<div class=\"elementor-widget-container\">\n\t\t\t<div class=\"gva-element-gva-heading-block gva-element\">   <div class=\"align-left style-1 widget gsc-heading box-align-left  auto-responsive\">\n      <div class=\"content-inner\">\n         \n                  \n                     <div class=\"sub-title\"><span>Qui sommes nous ?<\/span><\/div>\n           \n         \n                     <h2 class=\"title\">\n               <span>Leader sur le march\u00e9 de l'Immobilier en C\u00f4te d'Ivoire<\/span>\n                                                         <\/h2>\n                  \n         \n      <\/div>\n   <\/div>\n<\/div>\t\t<\/div>\n\t\t\t\t<\/div>\n\t\t\t\t<div class=\"elementor-element elementor-element-52fc3a0 elementor-widget elementor-widget-text-editor\" data-id=\"52fc3a0\" data-element_type=\"widget\" id=\"texte-presentation\" data-widget_type=\"text-editor.default\">\n\t\t\t\t<div class=\"elementor-widget-container\">\n\t\t\t\t\t<div class=\"elementor-text-editor elementor-clearfix\"><p class=\"text-theme\">BACID SA (Bureau de Construction d\u2019Investissement &amp; Divers), Soci\u00e9t\u00e9 Anonyme au capital de 1.000.000.000 FCFA, est un Promoteur \/ Constructeur immobilier qui op\u00e8re sur le march\u00e9 ivoirien et dans la sous-r\u00e9gion ouest africaine.<\/p><\/div>\n\t\t\t\t<\/div>\n\t\t\t\t<\/div>\n\t\t\t\t\t<\/div>\n\t\t<\/div>\n\t\t\t\t\t\t\t<\/div>\n\t\t<\/section>\n\t\t\t\t<section class=\"elementor-section elementor-top-section elementor-element elementor-element-cf81440 elementor-section-boxed elementor-section-height-default elementor-section-height-default row-top\" data-id=\"cf81440\" data-element_type=\"section\">\n\t\t\t\t\t\t<div class=\"elementor-container elementor-column-gap-default\">\n\t\t\t\t\t<div class=\"elementor-column elementor-col-100 elementor-top-column elementor-element elementor-element-7aa0377 column-style-top elementor-invisible\" data-id=\"7aa0377\" data-element_type=\"column\" data-settings=\"{&quot;background_background&quot;:&quot;classic&quot;,&quot;animation&quot;:&quot;fadeInLeft&quot;}\">\n\t\t\t<div class=\"elementor-widget-wrap elementor-element-populated\">\n\t\t\t\t\t\t\t\t<div class=\"elementor-element elementor-element-1a0db34 elementor-widget elementor-widget-text-editor\" data-id=\"1a0db34\" data-element_type=\"widget\" data-widget_type=\"text-editor.default\">\n\t\t\t\t<div class=\"elementor-widget-container\">\n\t\t\t\t\t<div class=\"elementor-text-editor elementor-clearfix\"><p>Ayant son si\u00e8ge \u00e0 Abidjan, Capitale \u00e9conomique de la C\u00f4te d\u2019Ivoire, BACID SA assure sa pr\u00e9sence dans la sous-r\u00e9gion et \u00e0 l&#8217;international avec des agences \u00e0 Yamoussoukro, Cotonou, Paris, New York, Montr\u00e9al et Edmonton(Canada). <br \/>Chaque agence b\u00e9n\u00e9ficie des comp\u00e9tences du groupe et de ses ressources transversales.<br \/>BACID SA a pour c\u0153ur de m\u00e9tier la Construction de logements moyen et haut standing. Il d\u00e9veloppe \u00e9galement son expertise dans l\u2019am\u00e9nagement foncier et la r\u00e9alisation de projets urbains d\u2019envergure tels que la construction et l\u2019exploitation de march\u00e9s modernes et autres centres commerciaux.<br \/>Laur\u00e9at du Prix du Meilleur Projet Immobilier aux Salons de l\u2019Immobilier de C\u00f4te d\u2019Ivoire 2020 &amp; 2021, BACID SA confirme son r\u00f4le de Leader sur le march\u00e9 de l&#8217;Immobilier en C\u00f4te d&#8217;Ivoire par la qualit\u00e9 de ses r\u00e9alisations<\/p><\/div>\n\t\t\t\t<\/div>\n\t\t\t\t<\/div>\n\t\t\t\t\t<\/div>\n\t\t<\/div>\n\t\t\t\t\t\t\t<\/div>\n\t\t<\/section>\n\t\t\t\t<section class=\"elementor-section elementor-top-section elementor-element elementor-element-feacde5 elementor-section-boxed elementor-section-height-default elementor-section-height-default row-top\" data-id=\"feacde5\" data-element_type=\"section\" data-settings=\"{&quot;background_background&quot;:&quot;classic&quot;}\">\n\t\t\t\t\t\t<div class=\"elementor-container elementor-column-gap-default\">\n\t\t\t\t\t<div class=\"elementor-column elementor-col-33 elementor-top-column elementor-element elementor-element-437aad3 column-style-top\" data-id=\"437aad3\" data-element_type=\"column\">\n\t\t\t<div class=\"elementor-widget-wrap\">\n\t\t\t\t\t\t\t\t\t<\/div>\n\t\t<\/div>\n\t\t\t\t<div class=\"elementor-column elementor-col-33 elementor-top-column elementor-element elementor-element-68c6a2d column-style-top\" data-id=\"68c6a2d\" data-element_type=\"column\">\n\t\t\t<div class=\"elementor-widget-wrap\">\n\t\t\t\t\t\t\t\t\t<\/div>\n\t\t<\/div>\n\t\t\t\t<div class=\"elementor-column elementor-col-33 elementor-top-column elementor-element elementor-element-6c09522 column-style-top\" data-id=\"6c09522\" data-element_type=\"column\">\n\t\t\t<div class=\"elementor-widget-wrap\">\n\t\t\t\t\t\t\t\t\t<\/div>\n\t\t<\/div>\n\t\t\t\t\t\t\t<\/div>\n\t\t<\/section>\n\t\t\t\t<section class=\"elementor-section elementor-top-section elementor-element elementor-element-a87d1cd elementor-section-boxed elementor-section-height-default elementor-section-height-default row-top\" data-id=\"a87d1cd\" data-element_type=\"section\" data-settings=\"{&quot;background_background&quot;:&quot;classic&quot;}\">\n\t\t\t\t\t\t<div class=\"elementor-container elementor-column-gap-default\">\n\t\t\t\t\t<div class=\"elementor-column elementor-col-100 elementor-top-column elementor-element elementor-element-58f49a5 column-style-top\" data-id=\"58f49a5\" data-element_type=\"column\">\n\t\t\t<div class=\"elementor-widget-wrap elementor-element-populated\">\n\t\t\t\t\t\t\t\t<div class=\"elementor-element elementor-element-e04217e elementor-widget elementor-widget-heading\" data-id=\"e04217e\" data-element_type=\"widget\" data-widget_type=\"heading.default\">\n\t\t\t\t<div class=\"elementor-widget-container\">\n\t\t\t<h2 class=\"elementor-heading-title elementor-size-default\">Trouvez le logement id\u00e9al chez BACID <br>parmi plus de 1000 maisons en C\u00f4te d'Ivoire et au B\u00e9nin.<\/h2>\t\t<\/div>\n\t\t\t\t<\/div>\n\t\t\t\t<div class=\"elementor-element elementor-element-eb632d3 elementor-widget elementor-widget-text-editor\" data-id=\"eb632d3\" data-element_type=\"widget\" data-widget_type=\"text-editor.default\">\n\t\t\t\t<div class=\"elementor-widget-container\">\n\t\t\t\t\t<div class=\"elementor-text-editor elementor-clearfix\"><p><a class=\"btn-theme\" href=\"https:\/\/btech-test.com\/DOC\/nos-projets-immobiliers\">Voir nos programmes<\/a><\/p><\/div>\n\t\t\t\t<\/div>\n\t\t\t\t<\/div>\n\t\t\t\t\t<\/div>\n\t\t<\/div>\n\t\t\t\t\t\t\t<\/div>\n\t\t<\/section>\n\t\t\t\t<section class=\"elementor-section elementor-top-section elementor-element elementor-element-f2c2a56 elementor-section-boxed elementor-section-height-default elementor-section-height-default row-top\" data-id=\"f2c2a56\" data-element_type=\"section\" data-settings=\"{&quot;background_background&quot;:&quot;classic&quot;}\">\n\t\t\t\t\t\t<div class=\"elementor-container elementor-column-gap-default\">\n\t\t\t\t\t<div class=\"elementor-column elementor-col-100 elementor-top-column elementor-element elementor-element-428e825 column-style-top\" data-id=\"428e825\" data-element_type=\"column\">\n\t\t\t<div class=\"elementor-widget-wrap elementor-element-populated\">\n\t\t\t\t\t\t\t\t<div class=\"elementor-element elementor-element-b6c5e40 elementor-widget elementor-widget-gva-heading-block\" data-id=\"b6c5e40\" data-element_type=\"widget\" data-widget_type=\"gva-heading-block.default\">\n\t\t\t\t<div class=\"elementor-widget-container\">\n\t\t\t<div class=\"gva-element-gva-heading-block gva-element\">   <div class=\"align-center style-1 widget gsc-heading box-align-left  auto-responsive\">\n      <div class=\"content-inner\">\n         \n                  \n                     <div class=\"sub-title\"><span>Nos avantages<\/span><\/div>\n           \n         \n                     <h2 class=\"title\">\n               <span>Les plus de BACID<\/span>\n                                                         <\/h2>\n                  \n         \n      <\/div>\n   <\/div>\n<\/div>\t\t<\/div>\n\t\t\t\t<\/div>\n\t\t\t\t\t<\/div>\n\t\t<\/div>\n\t\t\t\t\t\t\t<\/div>\n\t\t<\/section>\n\t\t\t\t<section class=\"elementor-section elementor-top-section elementor-element elementor-element-658dd218 elementor-section-boxed elementor-section-height-default elementor-section-height-default row-top\" data-id=\"658dd218\" data-element_type=\"section\" data-settings=\"{&quot;background_background&quot;:&quot;classic&quot;}\">\n\t\t\t\t\t\t<div class=\"elementor-container elementor-column-gap-default\">\n\t\t\t\t\t<div class=\"elementor-column elementor-col-25 elementor-top-column elementor-element elementor-element-e2fc4af column-style-top\" data-id=\"e2fc4af\" data-element_type=\"column\">\n\t\t\t<div class=\"elementor-widget-wrap elementor-element-populated\">\n\t\t\t\t\t\t\t\t<div class=\"elementor-element elementor-element-5c0cd7e elementor-widget elementor-widget-gva-counter\" data-id=\"5c0cd7e\" data-element_type=\"widget\" data-widget_type=\"gva-counter.default\">\n\t\t\t\t<div class=\"elementor-widget-container\">\n\t\t\t<div class=\"gva-element-gva-counter gva-element\">\n         <div class=\"widget milestone-block style-1\">\n         <div class=\"box-content\">\n                           <div class=\"milestone-icon\">\n                  <span class=\"icon\">\n                     <i aria-hidden=\"true\" class=\" las la-key\"><\/i>                  <\/span>\n               <\/div>\n            \n            <div class=\"milestone-content\">\n               <div class=\"milestone-number-inner\">\n                                    <span class=\"milestone-number\">454<\/span>\n                                 <\/div>\n                                 <div class=\"milestone-text\">\n                      Logements livr\u00e9s                  <\/div>\n                           <\/div>\n            \n            \n            \n         <\/div>   \n      <\/div> \n   \n<\/div>\t\t<\/div>\n\t\t\t\t<\/div>\n\t\t\t\t\t<\/div>\n\t\t<\/div>\n\t\t\t\t<div class=\"elementor-column elementor-col-25 elementor-top-column elementor-element elementor-element-d8a2cc4 column-style-top\" data-id=\"d8a2cc4\" data-element_type=\"column\">\n\t\t\t<div class=\"elementor-widget-wrap elementor-element-populated\">\n\t\t\t\t\t\t\t\t<div class=\"elementor-element elementor-element-3a650bb elementor-widget elementor-widget-gva-counter\" data-id=\"3a650bb\" data-element_type=\"widget\" data-widget_type=\"gva-counter.default\">\n\t\t\t\t<div class=\"elementor-widget-container\">\n\t\t\t<div class=\"gva-element-gva-counter gva-element\">\n         <div class=\"widget milestone-block style-1\">\n         <div class=\"box-content\">\n                           <div class=\"milestone-icon\">\n                  <span class=\"icon\">\n                     <i aria-hidden=\"true\" class=\" las la-home\"><\/i>                  <\/span>\n               <\/div>\n            \n            <div class=\"milestone-content\">\n               <div class=\"milestone-number-inner\">\n                                    <span class=\"milestone-number\">867<\/span>\n                                 <\/div>\n                                 <div class=\"milestone-text\">\n                      Logements en construction                  <\/div>\n                           <\/div>\n            \n            \n            \n         <\/div>   \n      <\/div> \n   \n<\/div>\t\t<\/div>\n\t\t\t\t<\/div>\n\t\t\t\t\t<\/div>\n\t\t<\/div>\n\t\t\t\t<div class=\"elementor-column elementor-col-25 elementor-top-column elementor-element elementor-element-3974701 column-style-top\" data-id=\"3974701\" data-element_type=\"column\">\n\t\t\t<div class=\"elementor-widget-wrap elementor-element-populated\">\n\t\t\t\t\t\t\t\t<div class=\"elementor-element elementor-element-9a32587 elementor-widget elementor-widget-gva-counter\" data-id=\"9a32587\" data-element_type=\"widget\" data-widget_type=\"gva-counter.default\">\n\t\t\t\t<div class=\"elementor-widget-container\">\n\t\t\t<div class=\"gva-element-gva-counter gva-element\">\n         <div class=\"widget milestone-block style-1\">\n         <div class=\"box-content\">\n                           <div class=\"milestone-icon\">\n                  <span class=\"icon\">\n                     <i aria-hidden=\"true\" class=\"fi flaticon-cityscape\"><\/i>                  <\/span>\n               <\/div>\n            \n            <div class=\"milestone-content\">\n               <div class=\"milestone-number-inner\">\n                                    <span class=\"milestone-number\">2<\/span>\n                                 <\/div>\n                                 <div class=\"milestone-text\">\n                      Cit\u00e9s d\u00e9j\u00e0 livr\u00e9s                  <\/div>\n                           <\/div>\n            \n            \n            \n         <\/div>   \n      <\/div> \n   \n<\/div>\t\t<\/div>\n\t\t\t\t<\/div>\n\t\t\t\t\t<\/div>\n\t\t<\/div>\n\t\t\t\t<div class=\"elementor-column elementor-col-25 elementor-top-column elementor-element elementor-element-1bc5ddf column-style-top\" data-id=\"1bc5ddf\" data-element_type=\"column\">\n\t\t\t<div class=\"elementor-widget-wrap elementor-element-populated\">\n\t\t\t\t\t\t\t\t<div class=\"elementor-element elementor-element-9a1521f elementor-widget elementor-widget-gva-counter\" data-id=\"9a1521f\" data-element_type=\"widget\" data-widget_type=\"gva-counter.default\">\n\t\t\t\t<div class=\"elementor-widget-container\">\n\t\t\t<div class=\"gva-element-gva-counter gva-element\">\n         <div class=\"widget milestone-block style-1\">\n         <div class=\"box-content\">\n                           <div class=\"milestone-icon\">\n                  <span class=\"icon\">\n                     <i aria-hidden=\"true\" class=\"fi flaticon-bungalow\"><\/i>                  <\/span>\n               <\/div>\n            \n            <div class=\"milestone-content\">\n               <div class=\"milestone-number-inner\">\n                                    <span class=\"milestone-number\">3<\/span>\n                                 <\/div>\n                                 <div class=\"milestone-text\">\n                      Cit\u00e9s en attente de livraison                  <\/div>\n                           <\/div>\n            \n            \n            \n         <\/div>   \n      <\/div> \n   \n<\/div>\t\t<\/div>\n\t\t\t\t<\/div>\n\t\t\t\t\t<\/div>\n\t\t<\/div>\n\t\t\t\t\t\t\t<\/div>\n\t\t<\/section>\n\t\t\t\t\t\t<\/div>\n\t\t\t\t\t<\/div>\n\t\t","protected":false},"excerpt":{"rendered":"<p>Votre Expert immobilier \u00e0 vos c\u00f4t\u00e9s D\u00e9couvrez BACID SA https:\/\/btech-test.com\/DOC\/wp-content\/uploads\/2021\/04\/Nous-connaitre-BACID-SA.mp4#t=1 Qui sommes nous ? Leader sur le march\u00e9 de l&#8217;Immobilier en C\u00f4te d&#8217;Ivoire BACID SA (Bureau de Construction d\u2019Investissement &amp; [&hellip;]<\/p>\n","protected":false},"author":1,"featured_media":0,"parent":0,"menu_order":0,"comment_status":"closed","ping_status":"closed","template":"","meta":{"spay_email":"","footnotes":""},"class_list":["post-21","page","type-page","status-publish","hentry"],"jetpack-related-posts":[],"_links":{"self":[{"href":"https:\/\/btech-test.com\/DOC\/wp-json\/wp\/v2\/pages\/21","targetHints":{"allow":["GET"]}}],"collection":[{"href":"https:\/\/btech-test.com\/DOC\/wp-json\/wp\/v2\/pages"}],"about":[{"href":"https:\/\/btech-test.com\/DOC\/wp-json\/wp\/v2\/types\/page"}],"author":[{"embeddable":true,"href":"https:\/\/btech-test.com\/DOC\/wp-json\/wp\/v2\/users\/1"}],"replies":[{"embeddable":true,"href":"https:\/\/btech-test.com\/DOC\/wp-json\/wp\/v2\/comments?post=21"}],"version-history":[{"count":261,"href":"https:\/\/btech-test.com\/DOC\/wp-json\/wp\/v2\/pages\/21\/revisions"}],"predecessor-version":[{"id":3202,"href":"https:\/\/btech-test.com\/DOC\/wp-json\/wp\/v2\/pages\/21\/revisions\/3202"}],"wp:attachment":[{"href":"https:\/\/btech-test.com\/DOC\/wp-json\/wp\/v2\/media?parent=21"}],"curies":[{"name":"wp","href":"https:\/\/api.w.org\/{rel}","templated":true}]}}