{"id":1457,"date":"2021-04-30T10:52:43","date_gmt":"2021-04-30T08:52:43","guid":{"rendered":"http:\/\/bacidsa.com\/new\/?page_id=1457"},"modified":"2023-11-11T11:42:40","modified_gmt":"2023-11-11T10:42:40","slug":"reportages","status":"publish","type":"page","link":"https:\/\/btech-test.com\/DOC\/reportages\/","title":{"rendered":"Reportages"},"content":{"rendered":"\t\t<div data-elementor-type=\"wp-page\" data-elementor-id=\"1457\" class=\"elementor elementor-1457\" data-elementor-settings=\"[]\">\n\t\t\t\t\t\t\t<div class=\"elementor-section-wrap\">\n\t\t\t\t\t\t\t<section class=\"elementor-section elementor-top-section elementor-element elementor-element-3b40598 row-background-particles-js elementor-section-boxed elementor-section-height-default elementor-section-height-default row-top\" data-id=\"3b40598\" data-element_type=\"section\" data-settings=\"{&quot;background_background&quot;:&quot;classic&quot;}\">\n\t\t\t\t\t\t<div class=\"elementor-container elementor-column-gap-default\">\n\t\t\t\t\t<div class=\"elementor-column elementor-col-100 elementor-top-column elementor-element elementor-element-75333cc column-style-top\" data-id=\"75333cc\" data-element_type=\"column\">\n\t\t\t<div class=\"elementor-widget-wrap elementor-element-populated\">\n\t\t\t\t\t\t\t\t<div class=\"elementor-element elementor-element-e5082b5 elementor-widget elementor-widget-gva-heading-block\" data-id=\"e5082b5\" data-element_type=\"widget\" data-widget_type=\"gva-heading-block.default\">\n\t\t\t\t<div class=\"elementor-widget-container\">\n\t\t\t<div class=\"gva-element-gva-heading-block gva-element\">   <div class=\"align-left style-1 widget gsc-heading box-align-left  auto-responsive\">\n      <div class=\"content-inner\">\n         \n                  \n                     <div class=\"sub-title\"><span>Votre Expert immobilier \u00e0 vos c\u00f4t\u00e9s<\/span><\/div>\n           \n         \n                     <h2 class=\"title\">\n               <span><span class=\"lighter\">Reportages <\/span> BACID SA<\/span>\n                                                         <\/h2>\n                  \n         \n      <\/div>\n   <\/div>\n<\/div>\t\t<\/div>\n\t\t\t\t<\/div>\n\t\t\t\t\t<\/div>\n\t\t<\/div>\n\t\t\t\t\t\t\t<\/div>\n\t\t<\/section>\n\t\t\t\t<section class=\"elementor-section elementor-top-section elementor-element elementor-element-bb55ddb elementor-section-boxed elementor-section-height-default elementor-section-height-default row-top\" data-id=\"bb55ddb\" data-element_type=\"section\">\n\t\t\t\t\t\t<div class=\"elementor-container elementor-column-gap-default\">\n\t\t\t\t\t<div class=\"elementor-column elementor-col-100 elementor-top-column elementor-element elementor-element-feaca37 column-style-top\" data-id=\"feaca37\" data-element_type=\"column\">\n\t\t\t<div class=\"elementor-widget-wrap elementor-element-populated\">\n\t\t\t\t\t\t\t\t<div class=\"elementor-element elementor-element-45d78f2 elementor-widget elementor-widget-gva-posts\" data-id=\"45d78f2\" data-element_type=\"widget\" data-widget_type=\"gva-posts.default\">\n\t\t\t\t<div class=\"elementor-widget-container\">\n\t\t\t<div class=\"gva-element-gva-posts gva-element\">  \n  <div class=\"gva-posts-grid clearfix gva-posts\">\n      <div class=\"gva-content-items\"> \n        <div class=\"lg-block-grid-3 md-block-grid-3 sm-block-grid-2 xs-block-grid-1 xx-block-grid-1\">\n          \n<div class=\"all  item-columns\">\n   <article id=\"post-1573\" class=\"post post-style-1 post-1573 type-post status-publish format-standard has-post-thumbnail hentry\">\n      <div class=\"post-thumbnail\">\n         <a href=\"https:\/\/btech-test.com\/DOC\/2021\/04\/30\/bacid-votre-expert-immobilier-vous-accompagne\/\">\n            <img loading=\"lazy\" decoding=\"async\" width=\"600\" height=\"360\" src=\"https:\/\/i0.wp.com\/btech-test.com\/DOC\/wp-content\/uploads\/2021\/04\/BACID-CAMPAGNE-2021_Moment2.jpg?resize=600%2C360&amp;ssl=1\" class=\"attachment-tolips_medium size-tolips_medium wp-post-image\" alt=\"BACID, votre expert immobilier vous accompagne\" \/>         <\/a>\n      <\/div>   \n\n      <div class=\"entry-content\">\n         <div class=\"content-inner\">\n                           <div class=\"entry-date\">30 avril 2021<\/div>\n                        <h3 class=\"entry-title\"><a href=\"https:\/\/btech-test.com\/DOC\/2021\/04\/30\/bacid-votre-expert-immobilier-vous-accompagne\/\" rel=\"bookmark\">BACID, votre expert immobilier vous accompagne<\/a><\/h3>\n            <div class=\"entry-meta\">\n               <div class=\"clearfix meta-inline\"><span class=\"author vcard\"><i class=\"far fa-user-circle\"><\/i>by&nbsp;BACID<\/span><\/div>            <\/div> \n         <\/div>\n\n      <\/div>\n   <\/article>   \n<\/div>\n\n  \n<div class=\"all  item-columns\">\n   <article id=\"post-1590\" class=\"post post-style-1 post-1590 type-post status-publish format-standard has-post-thumbnail hentry\">\n      <div class=\"post-thumbnail\">\n         <a href=\"https:\/\/btech-test.com\/DOC\/2021\/04\/30\/bacid-au-salon-de-limmobilier-de-cote-divoire-2021-2\/\">\n            <img loading=\"lazy\" decoding=\"async\" width=\"600\" height=\"360\" src=\"https:\/\/i0.wp.com\/btech-test.com\/DOC\/wp-content\/uploads\/2021\/04\/BACID-SA-AU-SALON-DE-L-IMMOBILIER-DE-COTE-D-IVOIRE-2021_Moment.jpg?resize=600%2C360&amp;ssl=1\" class=\"attachment-tolips_medium size-tolips_medium wp-post-image\" alt=\"BACID, au Salon de l&#8217;Immobilier de C\u00f4te d&#8217;Ivoire 2021\" \/>         <\/a>\n      <\/div>   \n\n      <div class=\"entry-content\">\n         <div class=\"content-inner\">\n                           <div class=\"entry-date\">30 avril 2021<\/div>\n                        <h3 class=\"entry-title\"><a href=\"https:\/\/btech-test.com\/DOC\/2021\/04\/30\/bacid-au-salon-de-limmobilier-de-cote-divoire-2021-2\/\" rel=\"bookmark\">BACID, au Salon de l&#8217;Immobilier de C\u00f4te d&#8217;Ivoire 2021<\/a><\/h3>\n            <div class=\"entry-meta\">\n               <div class=\"clearfix meta-inline\"><span class=\"author vcard\"><i class=\"far fa-user-circle\"><\/i>by&nbsp;BACID<\/span><\/div>            <\/div> \n         <\/div>\n\n      <\/div>\n   <\/article>   \n<\/div>\n\n  \n<div class=\"all  item-columns\">\n   <article id=\"post-1601\" class=\"post post-style-1 post-1601 type-post status-publish format-standard has-post-thumbnail hentry\">\n      <div class=\"post-thumbnail\">\n         <a href=\"https:\/\/btech-test.com\/DOC\/2021\/04\/30\/bacid-lexpert-immobilier-pour-tous-vos-projets\/\">\n            <img loading=\"lazy\" decoding=\"async\" width=\"600\" height=\"360\" src=\"https:\/\/i0.wp.com\/btech-test.com\/DOC\/wp-content\/uploads\/2021\/04\/BACID-CAMPAGNE-2020_Moment.jpg?resize=600%2C360&amp;ssl=1\" class=\"attachment-tolips_medium size-tolips_medium wp-post-image\" alt=\"BACID, l&#8217;Expert immobilier pour tous vos projets\" \/>         <\/a>\n      <\/div>   \n\n      <div class=\"entry-content\">\n         <div class=\"content-inner\">\n                           <div class=\"entry-date\">30 avril 2021<\/div>\n                        <h3 class=\"entry-title\"><a href=\"https:\/\/btech-test.com\/DOC\/2021\/04\/30\/bacid-lexpert-immobilier-pour-tous-vos-projets\/\" rel=\"bookmark\">BACID, l&#8217;Expert immobilier pour tous vos projets<\/a><\/h3>\n            <div class=\"entry-meta\">\n               <div class=\"clearfix meta-inline\"><span class=\"author vcard\"><i class=\"far fa-user-circle\"><\/i>by&nbsp;BACID<\/span><\/div>            <\/div> \n         <\/div>\n\n      <\/div>\n   <\/article>   \n<\/div>\n\n  \n<div class=\"all reportages reportages reportages reportages reportages  item-columns\">\n   <article id=\"post-1606\" class=\"post post-style-1 post-1606 type-post status-publish format-video has-post-thumbnail hentry category-reportages post_format-post-format-video\">\n      <div class=\"post-thumbnail\">\n         <a href=\"https:\/\/btech-test.com\/DOC\/2021\/04\/30\/bacid-sinstalle-a-cotonou-2\/\">\n            <img loading=\"lazy\" decoding=\"async\" width=\"600\" height=\"360\" src=\"https:\/\/i0.wp.com\/btech-test.com\/DOC\/wp-content\/uploads\/2021\/04\/BACID-BENIN_Moment2.jpg?resize=600%2C360&amp;ssl=1\" class=\"attachment-tolips_medium size-tolips_medium wp-post-image\" alt=\"Le sp\u00e9cialiste immobilier BACID s&#8217;installe \u00e0 Cotonou !\" \/>         <\/a>\n      <\/div>   \n\n      <div class=\"entry-content\">\n         <div class=\"content-inner\">\n                           <div class=\"entry-date\">30 avril 2021<\/div>\n                        <h3 class=\"entry-title\"><a href=\"https:\/\/btech-test.com\/DOC\/2021\/04\/30\/bacid-sinstalle-a-cotonou-2\/\" rel=\"bookmark\">Le sp\u00e9cialiste immobilier BACID s&#8217;installe \u00e0 Cotonou !<\/a><\/h3>\n            <div class=\"entry-meta\">\n               <div class=\"clearfix meta-inline\"><span class=\"author vcard\"><i class=\"far fa-user-circle\"><\/i>by&nbsp;BACID<\/span><\/div>            <\/div> \n         <\/div>\n\n      <\/div>\n   <\/article>   \n<\/div>\n\n  \n<div class=\"all  item-columns\">\n   <article id=\"post-1614\" class=\"post post-style-1 post-1614 type-post status-publish format-video has-post-thumbnail hentry post_format-post-format-video\">\n      <div class=\"post-thumbnail\">\n         <a href=\"https:\/\/btech-test.com\/DOC\/2021\/04\/30\/ceremonie-de-remise-de-cle-de-la-villa-temoin-de-la-cite-synademc-ci-2\/\">\n            <img loading=\"lazy\" decoding=\"async\" width=\"600\" height=\"360\" src=\"https:\/\/i0.wp.com\/btech-test.com\/DOC\/wp-content\/uploads\/2021\/04\/CEREMONIE-DE-REMISE-DE-CLE-DE-LA-VILLA-TEMOIN-DE-LA-CITE-SYNADEMC-CI_Moment.jpg?resize=600%2C360&amp;ssl=1\" class=\"attachment-tolips_medium size-tolips_medium wp-post-image\" alt=\"C\u00e9r\u00e9monie de remise de cl\u00e9 de la villa t\u00e9moin de la cit\u00e9 SYNADEMC-CI\" \/>         <\/a>\n      <\/div>   \n\n      <div class=\"entry-content\">\n         <div class=\"content-inner\">\n                           <div class=\"entry-date\">30 avril 2021<\/div>\n                        <h3 class=\"entry-title\"><a href=\"https:\/\/btech-test.com\/DOC\/2021\/04\/30\/ceremonie-de-remise-de-cle-de-la-villa-temoin-de-la-cite-synademc-ci-2\/\" rel=\"bookmark\">C\u00e9r\u00e9monie de remise de cl\u00e9 de la villa t\u00e9moin de la cit\u00e9 SYNADEMC-CI<\/a><\/h3>\n            <div class=\"entry-meta\">\n               <div class=\"clearfix meta-inline\"><span class=\"author vcard\"><i class=\"far fa-user-circle\"><\/i>by&nbsp;BACID<\/span><\/div>            <\/div> \n         <\/div>\n\n      <\/div>\n   <\/article>   \n<\/div>\n\n          <\/div>\n      <\/div>\n                <div class=\"pagination\">\n                        <\/div>\n        <\/div>\n  <\/div>\t\t<\/div>\n\t\t\t\t<\/div>\n\t\t\t\t\t<\/div>\n\t\t<\/div>\n\t\t\t\t\t\t\t<\/div>\n\t\t<\/section>\n\t\t\t\t<section class=\"elementor-section elementor-top-section elementor-element elementor-element-a87d1cd elementor-section-boxed elementor-section-height-default elementor-section-height-default row-top\" data-id=\"a87d1cd\" data-element_type=\"section\" data-settings=\"{&quot;background_background&quot;:&quot;classic&quot;}\">\n\t\t\t\t\t\t<div class=\"elementor-container elementor-column-gap-default\">\n\t\t\t\t\t<div class=\"elementor-column elementor-col-100 elementor-top-column elementor-element elementor-element-58f49a5 column-style-top\" data-id=\"58f49a5\" data-element_type=\"column\">\n\t\t\t<div class=\"elementor-widget-wrap elementor-element-populated\">\n\t\t\t\t\t\t\t\t<div class=\"elementor-element elementor-element-e04217e elementor-widget elementor-widget-heading\" data-id=\"e04217e\" data-element_type=\"widget\" data-widget_type=\"heading.default\">\n\t\t\t\t<div class=\"elementor-widget-container\">\n\t\t\t<h2 class=\"elementor-heading-title elementor-size-default\">Trouvez le logement id\u00e9al chez BACID <br>parmi plus de 1000 maisons en C\u00f4te d'Ivoire, au B\u00e9nin et en Guin\u00e9e.<\/h2>\t\t<\/div>\n\t\t\t\t<\/div>\n\t\t\t\t<div class=\"elementor-element elementor-element-eb632d3 elementor-widget elementor-widget-text-editor\" data-id=\"eb632d3\" data-element_type=\"widget\" data-widget_type=\"text-editor.default\">\n\t\t\t\t<div class=\"elementor-widget-container\">\n\t\t\t\t\t<div class=\"elementor-text-editor elementor-clearfix\"><p><a class=\"btn-theme\" href=\"https:\/\/btech-test.com\/DOC\/nos-projets-immobiliers\">Voir nos programmes<\/a><\/p><\/div>\n\t\t\t\t<\/div>\n\t\t\t\t<\/div>\n\t\t\t\t\t<\/div>\n\t\t<\/div>\n\t\t\t\t\t\t\t<\/div>\n\t\t<\/section>\n\t\t\t\t\t\t<\/div>\n\t\t\t\t\t<\/div>\n\t\t","protected":false},"excerpt":{"rendered":"<p>Votre Expert immobilier \u00e0 vos c\u00f4t\u00e9s Reportages BACID SA 30 avril 2021 BACID, votre expert immobilier vous accompagne by&nbsp;BACID 30 avril 2021 BACID, au Salon de l&#8217;Immobilier de C\u00f4te d&#8217;Ivoire [&hellip;]<\/p>\n","protected":false},"author":1,"featured_media":0,"parent":0,"menu_order":0,"comment_status":"closed","ping_status":"closed","template":"","meta":{"spay_email":"","footnotes":""},"class_list":["post-1457","page","type-page","status-publish","hentry"],"jetpack-related-posts":[],"_links":{"self":[{"href":"https:\/\/btech-test.com\/DOC\/wp-json\/wp\/v2\/pages\/1457","targetHints":{"allow":["GET"]}}],"collection":[{"href":"https:\/\/btech-test.com\/DOC\/wp-json\/wp\/v2\/pages"}],"about":[{"href":"https:\/\/btech-test.com\/DOC\/wp-json\/wp\/v2\/types\/page"}],"author":[{"embeddable":true,"href":"https:\/\/btech-test.com\/DOC\/wp-json\/wp\/v2\/users\/1"}],"replies":[{"embeddable":true,"href":"https:\/\/btech-test.com\/DOC\/wp-json\/wp\/v2\/comments?post=1457"}],"version-history":[{"count":28,"href":"https:\/\/btech-test.com\/DOC\/wp-json\/wp\/v2\/pages\/1457\/revisions"}],"predecessor-version":[{"id":3137,"href":"https:\/\/btech-test.com\/DOC\/wp-json\/wp\/v2\/pages\/1457\/revisions\/3137"}],"wp:attachment":[{"href":"https:\/\/btech-test.com\/DOC\/wp-json\/wp\/v2\/media?parent=1457"}],"curies":[{"name":"wp","href":"https:\/\/api.w.org\/{rel}","templated":true}]}}