{"id":1442,"date":"2021-04-30T10:40:04","date_gmt":"2021-04-30T08:40:04","guid":{"rendered":"http:\/\/bacidsa.com\/new\/?page_id=1442"},"modified":"2023-11-11T11:41:27","modified_gmt":"2023-11-11T10:41:27","slug":"lactu","status":"publish","type":"page","link":"https:\/\/btech-test.com\/DOC\/lactu\/","title":{"rendered":"L&#8217;actu"},"content":{"rendered":"\t\t<div data-elementor-type=\"wp-page\" data-elementor-id=\"1442\" class=\"elementor elementor-1442\" data-elementor-settings=\"[]\">\n\t\t\t\t\t\t\t<div class=\"elementor-section-wrap\">\n\t\t\t\t\t\t\t<section class=\"elementor-section elementor-top-section elementor-element elementor-element-3b40598 row-background-particles-js elementor-section-boxed elementor-section-height-default elementor-section-height-default row-top\" data-id=\"3b40598\" data-element_type=\"section\" data-settings=\"{&quot;background_background&quot;:&quot;classic&quot;}\">\n\t\t\t\t\t\t<div class=\"elementor-container elementor-column-gap-default\">\n\t\t\t\t\t<div class=\"elementor-column elementor-col-100 elementor-top-column elementor-element elementor-element-75333cc column-style-top\" data-id=\"75333cc\" data-element_type=\"column\">\n\t\t\t<div class=\"elementor-widget-wrap elementor-element-populated\">\n\t\t\t\t\t\t\t\t<div class=\"elementor-element elementor-element-e5082b5 elementor-widget elementor-widget-gva-heading-block\" data-id=\"e5082b5\" data-element_type=\"widget\" data-widget_type=\"gva-heading-block.default\">\n\t\t\t\t<div class=\"elementor-widget-container\">\n\t\t\t<div class=\"gva-element-gva-heading-block gva-element\">   <div class=\"align-left style-1 widget gsc-heading box-align-left  auto-responsive\">\n      <div class=\"content-inner\">\n         \n                  \n                     <div class=\"sub-title\"><span>Votre Expert immobilier \u00e0 vos c\u00f4t\u00e9s<\/span><\/div>\n           \n         \n                     <h2 class=\"title\">\n               <span><span class=\"lighter\">L'actualit\u00e9 de <\/span> BACID SA<\/span>\n                                                         <\/h2>\n                  \n         \n      <\/div>\n   <\/div>\n<\/div>\t\t<\/div>\n\t\t\t\t<\/div>\n\t\t\t\t\t<\/div>\n\t\t<\/div>\n\t\t\t\t\t\t\t<\/div>\n\t\t<\/section>\n\t\t\t\t<section class=\"elementor-section elementor-top-section elementor-element elementor-element-bb55ddb elementor-section-boxed elementor-section-height-default elementor-section-height-default row-top\" data-id=\"bb55ddb\" data-element_type=\"section\">\n\t\t\t\t\t\t<div class=\"elementor-container elementor-column-gap-default\">\n\t\t\t\t\t<div class=\"elementor-column elementor-col-100 elementor-top-column elementor-element elementor-element-feaca37 column-style-top\" data-id=\"feaca37\" data-element_type=\"column\">\n\t\t\t<div class=\"elementor-widget-wrap elementor-element-populated\">\n\t\t\t\t\t\t\t\t<div class=\"elementor-element elementor-element-45d78f2 elementor-widget elementor-widget-gva-posts\" data-id=\"45d78f2\" data-element_type=\"widget\" data-widget_type=\"gva-posts.default\">\n\t\t\t\t<div class=\"elementor-widget-container\">\n\t\t\t<div class=\"gva-element-gva-posts gva-element\">  \n  <div class=\"gva-posts-grid clearfix gva-posts\">\n      <div class=\"gva-content-items\"> \n        <div class=\"lg-block-grid-3 md-block-grid-3 sm-block-grid-2 xs-block-grid-1 xx-block-grid-1\">\n          \n<div class=\"all  item-columns\">\n   <article id=\"post-2929\" class=\"post post-style-1 post-2929 type-post status-publish format-standard has-post-thumbnail hentry tag-salon\">\n      <div class=\"post-thumbnail\">\n         <a href=\"https:\/\/btech-test.com\/DOC\/2022\/03\/11\/bacid-mall-2\/\">\n            <img loading=\"lazy\" decoding=\"async\" width=\"600\" height=\"450\" src=\"https:\/\/i0.wp.com\/btech-test.com\/DOC\/wp-content\/uploads\/2022\/03\/mall_face-1-scaled.jpg?resize=600%2C450&amp;ssl=1\" class=\"attachment-tolips_medium size-tolips_medium wp-post-image\" alt=\"BACID MALL 2\" srcset=\"https:\/\/i0.wp.com\/btech-test.com\/DOC\/wp-content\/uploads\/2022\/03\/mall_face-1-scaled.jpg?resize=600%2C450&amp;ssl=1 600w, https:\/\/i0.wp.com\/btech-test.com\/DOC\/wp-content\/uploads\/2022\/03\/mall_face-1-scaled.jpg?zoom=2&amp;resize=600%2C450&amp;ssl=1 1200w, https:\/\/i0.wp.com\/btech-test.com\/DOC\/wp-content\/uploads\/2022\/03\/mall_face-1-scaled.jpg?zoom=3&amp;resize=600%2C450&amp;ssl=1 1800w\" sizes=\"auto, (max-width: 600px) 100vw, 600px\" \/>         <\/a>\n      <\/div>   \n\n      <div class=\"entry-content\">\n         <div class=\"content-inner\">\n                           <div class=\"entry-date\">11 mars 2022<\/div>\n                        <h3 class=\"entry-title\"><a href=\"https:\/\/btech-test.com\/DOC\/2022\/03\/11\/bacid-mall-2\/\" rel=\"bookmark\">BACID MALL 2<\/a><\/h3>\n            <div class=\"entry-meta\">\n               <div class=\"clearfix meta-inline\"><span class=\"author vcard\"><i class=\"far fa-user-circle\"><\/i>by&nbsp;BACID<\/span><\/div>            <\/div> \n         <\/div>\n\n      <\/div>\n   <\/article>   \n<\/div>\n\n  \n<div class=\"all  item-columns\">\n   <article id=\"post-2870\" class=\"post post-style-1 post-2870 type-post status-publish format-standard has-post-thumbnail hentry tag-abidjan tag-cote-divoire tag-investissement tag-promoteur tag-salon tag-sici\">\n      <div class=\"post-thumbnail\">\n         <a href=\"https:\/\/btech-test.com\/DOC\/2022\/03\/10\/bacid-remporte-3-prix-au-salon-de-limmobilier-de-cote-divoire-2022\/\">\n            <img loading=\"lazy\" decoding=\"async\" width=\"600\" height=\"450\" src=\"https:\/\/i0.wp.com\/btech-test.com\/DOC\/wp-content\/uploads\/2022\/03\/IMG_2207-1.jpg?resize=600%2C450&amp;ssl=1\" class=\"attachment-tolips_medium size-tolips_medium wp-post-image\" alt=\"BACID remporte 3 prix au Salon de l&#8217;Immobilier de C\u00f4te d\u2019Ivoire 2022\" srcset=\"https:\/\/i0.wp.com\/btech-test.com\/DOC\/wp-content\/uploads\/2022\/03\/IMG_2207-1.jpg?resize=600%2C450&amp;ssl=1 600w, https:\/\/i0.wp.com\/btech-test.com\/DOC\/wp-content\/uploads\/2022\/03\/IMG_2207-1.jpg?zoom=2&amp;resize=600%2C450&amp;ssl=1 1200w, https:\/\/i0.wp.com\/btech-test.com\/DOC\/wp-content\/uploads\/2022\/03\/IMG_2207-1.jpg?zoom=3&amp;resize=600%2C450&amp;ssl=1 1800w\" sizes=\"auto, (max-width: 600px) 100vw, 600px\" \/>         <\/a>\n      <\/div>   \n\n      <div class=\"entry-content\">\n         <div class=\"content-inner\">\n                           <div class=\"entry-date\">10 mars 2022<\/div>\n                        <h3 class=\"entry-title\"><a href=\"https:\/\/btech-test.com\/DOC\/2022\/03\/10\/bacid-remporte-3-prix-au-salon-de-limmobilier-de-cote-divoire-2022\/\" rel=\"bookmark\">BACID remporte 3 prix au Salon de l&#8217;Immobilier de C\u00f4te d\u2019Ivoire 2022<\/a><\/h3>\n            <div class=\"entry-meta\">\n               <div class=\"clearfix meta-inline\"><span class=\"author vcard\"><i class=\"far fa-user-circle\"><\/i>by&nbsp;BACID<\/span><\/div>            <\/div> \n         <\/div>\n\n      <\/div>\n   <\/article>   \n<\/div>\n\n  \n<div class=\"all  item-columns\">\n   <article id=\"post-2811\" class=\"post post-style-1 post-2811 type-post status-publish format-standard has-post-thumbnail hentry tag-investissement tag-kigali tag-logement tag-padev tag-promoteur tag-social\">\n      <div class=\"post-thumbnail\">\n         <a href=\"https:\/\/btech-test.com\/DOC\/2021\/09\/30\/bacid-padev-kigali-2021-distinction\/\">\n            <img loading=\"lazy\" decoding=\"async\" width=\"600\" height=\"450\" src=\"https:\/\/i0.wp.com\/btech-test.com\/DOC\/wp-content\/uploads\/2021\/09\/IMG_1186-scaled.jpg?resize=600%2C450&amp;ssl=1\" class=\"attachment-tolips_medium size-tolips_medium wp-post-image\" alt=\"BACID \/ PADEV KIGALI 2021 DISTINCTION\" srcset=\"https:\/\/i0.wp.com\/btech-test.com\/DOC\/wp-content\/uploads\/2021\/09\/IMG_1186-scaled.jpg?resize=600%2C450&amp;ssl=1 600w, https:\/\/i0.wp.com\/btech-test.com\/DOC\/wp-content\/uploads\/2021\/09\/IMG_1186-scaled.jpg?zoom=2&amp;resize=600%2C450&amp;ssl=1 1200w, https:\/\/i0.wp.com\/btech-test.com\/DOC\/wp-content\/uploads\/2021\/09\/IMG_1186-scaled.jpg?zoom=3&amp;resize=600%2C450&amp;ssl=1 1800w\" sizes=\"auto, (max-width: 600px) 100vw, 600px\" \/>         <\/a>\n      <\/div>   \n\n      <div class=\"entry-content\">\n         <div class=\"content-inner\">\n                           <div class=\"entry-date\">30 septembre 2021<\/div>\n                        <h3 class=\"entry-title\"><a href=\"https:\/\/btech-test.com\/DOC\/2021\/09\/30\/bacid-padev-kigali-2021-distinction\/\" rel=\"bookmark\">BACID \/ PADEV KIGALI 2021 DISTINCTION<\/a><\/h3>\n            <div class=\"entry-meta\">\n               <div class=\"clearfix meta-inline\"><span class=\"author vcard\"><i class=\"far fa-user-circle\"><\/i>by&nbsp;BACID<\/span><\/div>            <\/div> \n         <\/div>\n\n      <\/div>\n   <\/article>   \n<\/div>\n\n  \n<div class=\"all  item-columns\">\n   <article id=\"post-2508\" class=\"post post-style-1 post-2508 type-post status-publish format-standard has-post-thumbnail hentry tag-logement tag-social\">\n      <div class=\"post-thumbnail\">\n         <a href=\"https:\/\/btech-test.com\/DOC\/2021\/06\/21\/bacid-au-filoses-2021\/\">\n            <img loading=\"lazy\" decoding=\"async\" width=\"600\" height=\"450\" src=\"https:\/\/i0.wp.com\/btech-test.com\/DOC\/wp-content\/uploads\/2020\/12\/IMG_0665.jpg?resize=600%2C450&amp;ssl=1\" class=\"attachment-tolips_medium size-tolips_medium wp-post-image\" alt=\"BACID au FILOSES 2021\" srcset=\"https:\/\/i0.wp.com\/btech-test.com\/DOC\/wp-content\/uploads\/2020\/12\/IMG_0665.jpg?resize=600%2C450&amp;ssl=1 600w, https:\/\/i0.wp.com\/btech-test.com\/DOC\/wp-content\/uploads\/2020\/12\/IMG_0665.jpg?zoom=2&amp;resize=600%2C450&amp;ssl=1 1200w, https:\/\/i0.wp.com\/btech-test.com\/DOC\/wp-content\/uploads\/2020\/12\/IMG_0665.jpg?zoom=3&amp;resize=600%2C450&amp;ssl=1 1800w\" sizes=\"auto, (max-width: 600px) 100vw, 600px\" \/>         <\/a>\n      <\/div>   \n\n      <div class=\"entry-content\">\n         <div class=\"content-inner\">\n                           <div class=\"entry-date\">21 juin 2021<\/div>\n                        <h3 class=\"entry-title\"><a href=\"https:\/\/btech-test.com\/DOC\/2021\/06\/21\/bacid-au-filoses-2021\/\" rel=\"bookmark\">BACID au FILOSES 2021<\/a><\/h3>\n            <div class=\"entry-meta\">\n               <div class=\"clearfix meta-inline\"><span class=\"author vcard\"><i class=\"far fa-user-circle\"><\/i>by&nbsp;BACID<\/span><\/div>            <\/div> \n         <\/div>\n\n      <\/div>\n   <\/article>   \n<\/div>\n\n  \n<div class=\"all  item-columns\">\n   <article id=\"post-1614\" class=\"post post-style-1 post-1614 type-post status-publish format-standard has-post-thumbnail hentry\">\n      <div class=\"post-thumbnail\">\n         <a href=\"https:\/\/btech-test.com\/DOC\/2021\/04\/30\/ceremonie-de-remise-de-cle-de-la-villa-temoin-de-la-cite-synademc-ci-2\/\">\n            <img loading=\"lazy\" decoding=\"async\" width=\"600\" height=\"360\" src=\"https:\/\/i0.wp.com\/btech-test.com\/DOC\/wp-content\/uploads\/2021\/04\/CEREMONIE-DE-REMISE-DE-CLE-DE-LA-VILLA-TEMOIN-DE-LA-CITE-SYNADEMC-CI_Moment.jpg?resize=600%2C360&amp;ssl=1\" class=\"attachment-tolips_medium size-tolips_medium wp-post-image\" alt=\"C\u00e9r\u00e9monie de remise de cl\u00e9 de la villa t\u00e9moin de la cit\u00e9 SYNADEMC-CI\" \/>         <\/a>\n      <\/div>   \n\n      <div class=\"entry-content\">\n         <div class=\"content-inner\">\n                           <div class=\"entry-date\">30 avril 2021<\/div>\n                        <h3 class=\"entry-title\"><a href=\"https:\/\/btech-test.com\/DOC\/2021\/04\/30\/ceremonie-de-remise-de-cle-de-la-villa-temoin-de-la-cite-synademc-ci-2\/\" rel=\"bookmark\">C\u00e9r\u00e9monie de remise de cl\u00e9 de la villa t\u00e9moin de la cit\u00e9 SYNADEMC-CI<\/a><\/h3>\n            <div class=\"entry-meta\">\n               <div class=\"clearfix meta-inline\"><span class=\"author vcard\"><i class=\"far fa-user-circle\"><\/i>by&nbsp;BACID<\/span><\/div>            <\/div> \n         <\/div>\n\n      <\/div>\n   <\/article>   \n<\/div>\n\n  \n<div class=\"all  item-columns\">\n   <article id=\"post-1606\" class=\"post post-style-1 post-1606 type-post status-publish format-standard has-post-thumbnail hentry\">\n      <div class=\"post-thumbnail\">\n         <a href=\"https:\/\/btech-test.com\/DOC\/2021\/04\/30\/bacid-sinstalle-a-cotonou-2\/\">\n            <img loading=\"lazy\" decoding=\"async\" width=\"600\" height=\"360\" src=\"https:\/\/i0.wp.com\/btech-test.com\/DOC\/wp-content\/uploads\/2021\/04\/BACID-BENIN_Moment2.jpg?resize=600%2C360&amp;ssl=1\" class=\"attachment-tolips_medium size-tolips_medium wp-post-image\" alt=\"Le sp\u00e9cialiste immobilier BACID s&#8217;installe \u00e0 Cotonou !\" \/>         <\/a>\n      <\/div>   \n\n      <div class=\"entry-content\">\n         <div class=\"content-inner\">\n                           <div class=\"entry-date\">30 avril 2021<\/div>\n                        <h3 class=\"entry-title\"><a href=\"https:\/\/btech-test.com\/DOC\/2021\/04\/30\/bacid-sinstalle-a-cotonou-2\/\" rel=\"bookmark\">Le sp\u00e9cialiste immobilier BACID s&#8217;installe \u00e0 Cotonou !<\/a><\/h3>\n            <div class=\"entry-meta\">\n               <div class=\"clearfix meta-inline\"><span class=\"author vcard\"><i class=\"far fa-user-circle\"><\/i>by&nbsp;BACID<\/span><\/div>            <\/div> \n         <\/div>\n\n      <\/div>\n   <\/article>   \n<\/div>\n\n          <\/div>\n      <\/div>\n                <div class=\"pagination\">\n              <div class=\"column one pager_wrapper\"><div class=\"pager\"><div class=\"paginations\"><a href=\"https:\/\/btech-test.com\/DOC\/wp-json\/wp\/v2\/pages\/1442\/\" class=\"page-item active\">1<\/a><a href=\"https:\/\/btech-test.com\/DOC\/wp-json\/wp\/v2\/pages\/1442\/page\/2\/\" class=\"page-item\">2<\/a><a href=\"https:\/\/btech-test.com\/DOC\/wp-json\/wp\/v2\/pages\/1442\/page\/3\/\" class=\"page-item\">3<\/a><a class=\"next_page\" href=\"https:\/\/btech-test.com\/DOC\/wp-json\/wp\/v2\/pages\/1442\/page\/2\/\"><i class=\"fas fa-chevron-right\"><\/i><\/a><\/div><\/div><\/div>\n          <\/div>\n        <\/div>\n  <\/div>\t\t<\/div>\n\t\t\t\t<\/div>\n\t\t\t\t\t<\/div>\n\t\t<\/div>\n\t\t\t\t\t\t\t<\/div>\n\t\t<\/section>\n\t\t\t\t<section class=\"elementor-section elementor-top-section elementor-element elementor-element-a87d1cd elementor-section-boxed elementor-section-height-default elementor-section-height-default row-top\" data-id=\"a87d1cd\" data-element_type=\"section\" data-settings=\"{&quot;background_background&quot;:&quot;classic&quot;}\">\n\t\t\t\t\t\t<div class=\"elementor-container elementor-column-gap-default\">\n\t\t\t\t\t<div class=\"elementor-column elementor-col-100 elementor-top-column elementor-element elementor-element-58f49a5 column-style-top\" data-id=\"58f49a5\" data-element_type=\"column\">\n\t\t\t<div class=\"elementor-widget-wrap elementor-element-populated\">\n\t\t\t\t\t\t\t\t<div class=\"elementor-element elementor-element-e04217e elementor-widget elementor-widget-heading\" data-id=\"e04217e\" data-element_type=\"widget\" data-widget_type=\"heading.default\">\n\t\t\t\t<div class=\"elementor-widget-container\">\n\t\t\t<h2 class=\"elementor-heading-title elementor-size-default\">Trouvez le logement id\u00e9al chez BACID <br>parmi plus de 1000 maisons en C\u00f4te d'Ivoire, au B\u00e9nin et en Guin\u00e9e.<\/h2>\t\t<\/div>\n\t\t\t\t<\/div>\n\t\t\t\t<div class=\"elementor-element elementor-element-eb632d3 elementor-widget elementor-widget-text-editor\" data-id=\"eb632d3\" data-element_type=\"widget\" data-widget_type=\"text-editor.default\">\n\t\t\t\t<div class=\"elementor-widget-container\">\n\t\t\t\t\t<div class=\"elementor-text-editor elementor-clearfix\"><p><a class=\"btn-theme\" href=\"https:\/\/btech-test.com\/DOC\/nos-projets-immobiliers\">Voir nos programmes<\/a><\/p><\/div>\n\t\t\t\t<\/div>\n\t\t\t\t<\/div>\n\t\t\t\t\t<\/div>\n\t\t<\/div>\n\t\t\t\t\t\t\t<\/div>\n\t\t<\/section>\n\t\t\t\t\t\t<\/div>\n\t\t\t\t\t<\/div>\n\t\t","protected":false},"excerpt":{"rendered":"<p>Votre Expert immobilier \u00e0 vos c\u00f4t\u00e9s L&#8217;actualit\u00e9 de BACID SA 11 mars 2022 BACID MALL 2 by&nbsp;BACID 10 mars 2022 BACID remporte 3 prix au Salon de l&#8217;Immobilier de C\u00f4te [&hellip;]<\/p>\n","protected":false},"author":1,"featured_media":0,"parent":0,"menu_order":0,"comment_status":"closed","ping_status":"closed","template":"","meta":{"spay_email":"","footnotes":""},"class_list":["post-1442","page","type-page","status-publish","hentry"],"jetpack-related-posts":[],"_links":{"self":[{"href":"https:\/\/btech-test.com\/DOC\/wp-json\/wp\/v2\/pages\/1442","targetHints":{"allow":["GET"]}}],"collection":[{"href":"https:\/\/btech-test.com\/DOC\/wp-json\/wp\/v2\/pages"}],"about":[{"href":"https:\/\/btech-test.com\/DOC\/wp-json\/wp\/v2\/types\/page"}],"author":[{"embeddable":true,"href":"https:\/\/btech-test.com\/DOC\/wp-json\/wp\/v2\/users\/1"}],"replies":[{"embeddable":true,"href":"https:\/\/btech-test.com\/DOC\/wp-json\/wp\/v2\/comments?post=1442"}],"version-history":[{"count":28,"href":"https:\/\/btech-test.com\/DOC\/wp-json\/wp\/v2\/pages\/1442\/revisions"}],"predecessor-version":[{"id":3134,"href":"https:\/\/btech-test.com\/DOC\/wp-json\/wp\/v2\/pages\/1442\/revisions\/3134"}],"wp:attachment":[{"href":"https:\/\/btech-test.com\/DOC\/wp-json\/wp\/v2\/media?parent=1442"}],"curies":[{"name":"wp","href":"https:\/\/api.w.org\/{rel}","templated":true}]}}